{"id":16,"date":"2023-06-15T09:15:19","date_gmt":"2023-06-15T09:15:19","guid":{"rendered":"https:\/\/solunio.com\/?page_id=16"},"modified":"2024-08-19T09:14:07","modified_gmt":"2024-08-19T09:14:07","slug":"unternehmen","status":"publish","type":"page","link":"https:\/\/solunio.com\/de\/unternehmen\/","title":{"rendered":"Unternehmen"},"content":{"rendered":"","protected":false},"excerpt":{"rendered":"<p>Solunio wurde im Jahr 2013 mit dem Ziel gegr\u00fcndet, innovative Softwarel\u00f6sungen f\u00fcr die industrielle Produktion zu entwickeln. Die systematische Anwendung neuester Methoden und Technologien aus dem Software-Engineering hat es uns erm\u00f6glicht, mit Visual Shop Floor eine innovative Softwareplattform zu entwickeln, welche heute global im Einsatz ist und uns zu einem gesch\u00e4tzten Partner von mittelst\u00e4ndischen und gro\u00dfen Unternehmen im In- und Ausland macht.<\/p>\n","protected":false},"author":1,"featured_media":0,"parent":0,"menu_order":0,"comment_status":"closed","ping_status":"closed","template":"","meta":{"footnotes":""},"class_list":["post-16","page","type-page","status-publish","hentry"],"_links":{"self":[{"href":"https:\/\/solunio.com\/de\/wp-json\/wp\/v2\/pages\/16","targetHints":{"allow":["GET"]}}],"collection":[{"href":"https:\/\/solunio.com\/de\/wp-json\/wp\/v2\/pages"}],"about":[{"href":"https:\/\/solunio.com\/de\/wp-json\/wp\/v2\/types\/page"}],"author":[{"embeddable":true,"href":"https:\/\/solunio.com\/de\/wp-json\/wp\/v2\/users\/1"}],"replies":[{"embeddable":true,"href":"https:\/\/solunio.com\/de\/wp-json\/wp\/v2\/comments?post=16"}],"version-history":[{"count":11,"href":"https:\/\/solunio.com\/de\/wp-json\/wp\/v2\/pages\/16\/revisions"}],"predecessor-version":[{"id":9689,"href":"https:\/\/solunio.com\/de\/wp-json\/wp\/v2\/pages\/16\/revisions\/9689"}],"wp:attachment":[{"href":"https:\/\/solunio.com\/de\/wp-json\/wp\/v2\/media?parent=16"}],"curies":[{"name":"wp","href":"https:\/\/api.w.org\/{rel}","templated":true}]}}