{"id":921,"date":"2023-07-07T12:39:06","date_gmt":"2023-07-07T12:39:06","guid":{"rendered":"https:\/\/solunio.com\/?page_id=921"},"modified":"2024-08-19T09:09:06","modified_gmt":"2024-08-19T09:09:06","slug":"jobs","status":"publish","type":"page","link":"https:\/\/solunio.com\/de\/jobs\/","title":{"rendered":"Jobs"},"content":{"rendered":"","protected":false},"excerpt":{"rendered":"<p>Von Anfang an schenken wir unseren Mitarbeitern nicht nur Vertrauen, sondern auch echte Wertsch\u00e4tzung und Freir\u00e4ume. Entdecke 11 \u00fcberzeugende Gr\u00fcnde f\u00fcr Deine Karriere bei Solunio.<\/p>\n","protected":false},"author":1,"featured_media":0,"parent":0,"menu_order":0,"comment_status":"closed","ping_status":"closed","template":"","meta":{"footnotes":""},"class_list":["post-921","page","type-page","status-publish","hentry"],"_links":{"self":[{"href":"https:\/\/solunio.com\/de\/wp-json\/wp\/v2\/pages\/921","targetHints":{"allow":["GET"]}}],"collection":[{"href":"https:\/\/solunio.com\/de\/wp-json\/wp\/v2\/pages"}],"about":[{"href":"https:\/\/solunio.com\/de\/wp-json\/wp\/v2\/types\/page"}],"author":[{"embeddable":true,"href":"https:\/\/solunio.com\/de\/wp-json\/wp\/v2\/users\/1"}],"replies":[{"embeddable":true,"href":"https:\/\/solunio.com\/de\/wp-json\/wp\/v2\/comments?post=921"}],"version-history":[{"count":8,"href":"https:\/\/solunio.com\/de\/wp-json\/wp\/v2\/pages\/921\/revisions"}],"predecessor-version":[{"id":9685,"href":"https:\/\/solunio.com\/de\/wp-json\/wp\/v2\/pages\/921\/revisions\/9685"}],"wp:attachment":[{"href":"https:\/\/solunio.com\/de\/wp-json\/wp\/v2\/media?parent=921"}],"curies":[{"name":"wp","href":"https:\/\/api.w.org\/{rel}","templated":true}]}}